{"id":251,"date":"2018-05-03T17:16:57","date_gmt":"2018-05-03T20:16:57","guid":{"rendered":"http:\/\/www.transrioturismo.tur.ar\/travel\/?page_id=251"},"modified":"2018-05-03T18:28:42","modified_gmt":"2018-05-03T21:28:42","slug":"mision-vision-valores","status":"publish","type":"page","link":"https:\/\/www.transrioturismo.tur.ar\/travel\/mision-vision-valores\/","title":{"rendered":"Misi\u00f3n Visi\u00f3n Valores"},"content":{"rendered":"<h3><span style=\"font-family: helvetica, arial, sans-serif; color: #ff0000;\"><strong><u>Misi\u00f3n<\/u>:<\/strong><\/span><\/h3>\n<p><span style=\"font-family: verdana, geneva, sans-serif;\">Somos operadores tur\u00edsticos de Misiones, que prestamos servicios de viajes grupales acompa\u00f1ados y tambi\u00e9n viajes individuales armados a medida, proporcion\u00e1ndoles a las agencias de viajes y empresas de turismo\u00a0 de Misiones y de la regi\u00f3n, para\u00a0 sus clientes y\u00a0 para nuestros pasajeros servicios tur\u00edsticos de calidad, con el fin de brindarles una experiencia \u00fanica, reflejado en nuestro compromiso con la calidad como pilar fundamental de nuestra empresa.<\/span><\/p>\n<h3><span style=\"font-family: helvetica, arial, sans-serif; color: #ff0000;\"><strong><u>Visi\u00f3n<\/u>:<\/strong><\/span><\/h3>\n<p><span style=\"font-family: verdana, geneva, sans-serif;\">Nuestra Visi\u00f3n es posicionarnos como tour operadores l\u00edderes de la regi\u00f3n litoral, expandirnos dentro del territorio argentino y los pa\u00edses lim\u00edtrofes.\u00a0 Ser reconocidos por nuestros est\u00e1ndares de calidad en todos nuestros servicios que ofrecemos, \u00a0orientados en la \u00a0seguridad, profesionalismo, experiencia y excelencia \u00a0para nuestros clientes.\u00a0<\/span><\/p>\n<h3><span style=\"font-family: helvetica, arial, sans-serif; color: #ff0000;\"><strong><u>Nuestros valores<\/u><\/strong><\/span><\/h3>\n<ul>\n<li><span style=\"font-family: verdana, geneva, sans-serif;\">Calidad<\/span><\/li>\n<li><span style=\"font-family: verdana, geneva, sans-serif;\">Responsabilidad<\/span><\/li>\n<li><span style=\"font-family: verdana, geneva, sans-serif;\">Compromiso<\/span><\/li>\n<li><span style=\"font-family: verdana, geneva, sans-serif;\">Honestidad<\/span><\/li>\n<li><span style=\"font-family: verdana, geneva, sans-serif;\">Profesionalismo<\/span><\/li>\n<\/ul>\n","protected":false},"excerpt":{"rendered":"<p>Misi\u00f3n: Somos operadores tur\u00edsticos de Misiones, que prestamos servicios de viajes grupales acompa\u00f1ados y tambi\u00e9n viajes individuales armados a medida, proporcion\u00e1ndoles a las agencias de viajes y empresas de turismo\u00a0 de Misiones y de la regi\u00f3n, para\u00a0 sus clientes y\u00a0 para nuestros pasajeros servicios tur\u00edsticos de calidad, con el fin[&#8230;]<\/p>\n","protected":false},"author":1,"featured_media":0,"parent":0,"menu_order":0,"comment_status":"closed","ping_status":"closed","template":"template-page-default.php","meta":{"footnotes":""},"class_list":["post-251","page","type-page","status-publish","hentry"],"_links":{"self":[{"href":"https:\/\/www.transrioturismo.tur.ar\/travel\/wp-json\/wp\/v2\/pages\/251","targetHints":{"allow":["GET"]}}],"collection":[{"href":"https:\/\/www.transrioturismo.tur.ar\/travel\/wp-json\/wp\/v2\/pages"}],"about":[{"href":"https:\/\/www.transrioturismo.tur.ar\/travel\/wp-json\/wp\/v2\/types\/page"}],"author":[{"embeddable":true,"href":"https:\/\/www.transrioturismo.tur.ar\/travel\/wp-json\/wp\/v2\/users\/1"}],"replies":[{"embeddable":true,"href":"https:\/\/www.transrioturismo.tur.ar\/travel\/wp-json\/wp\/v2\/comments?post=251"}],"version-history":[{"count":1,"href":"https:\/\/www.transrioturismo.tur.ar\/travel\/wp-json\/wp\/v2\/pages\/251\/revisions"}],"predecessor-version":[{"id":252,"href":"https:\/\/www.transrioturismo.tur.ar\/travel\/wp-json\/wp\/v2\/pages\/251\/revisions\/252"}],"wp:attachment":[{"href":"https:\/\/www.transrioturismo.tur.ar\/travel\/wp-json\/wp\/v2\/media?parent=251"}],"curies":[{"name":"wp","href":"https:\/\/api.w.org\/{rel}","templated":true}]}}